{"id":3,"date":"2024-03-18T18:54:55","date_gmt":"2024-03-18T18:54:55","guid":{"rendered":"https:\/\/livit.ba\/?page_id=3"},"modified":"2025-04-22T18:34:50","modified_gmt":"2025-04-22T18:34:50","slug":"pravila-privatnosti","status":"publish","type":"page","link":"https:\/\/livit.ba\/de\/pravila-privatnosti\/","title":{"rendered":"Datenschutzbestimmungen"},"content":{"rendered":"<p>Erkl\u00e4rung zum Datenschutz und zur Privatsph\u00e4re auf der Website von Livit d.o.o. <strong>Livit d.o.o.<\/strong><\/p>\r\n<p><strong>Livit d.o.o.<\/strong> ist sich der Bedeutung des Schutzes Ihrer personenbezogenen Daten bei der Nutzung unserer Website bewusst. Diese Datenschutzerkl\u00e4rung bezieht sich auf die Erhebung und Verarbeitung Ihrer personenbezogenen Daten sowie auf die Verwendung von Cookies auf der Website www.livit.ba (im Folgenden: die Website).<\/p>\r\n<p>Durch die Nutzung dieser Website erkl\u00e4ren Sie sich mit der in dieser Erkl\u00e4rung beschriebenen Art der Datenerhebung und -verarbeitung sowie mit der Speicherung und dem Zugriff auf Cookies auf Ihrem Ger\u00e4t einverstanden.<\/p>\r\n<h2 class=\"wp-block-heading\">Erhebung und Verarbeitung personenbezogener Daten<\/h2>\r\n<p>Die Nutzung der Website von <strong>Livit d.o.o.<\/strong> ist auch ohne Angabe Ihrer personenbezogenen Daten m\u00f6glich. Die Angabe personenbezogener Daten ist keine Voraussetzung f\u00fcr die Nutzung der Website, es sei denn, dies ist erforderlich, um Ihnen eine Dienstleistung gem\u00e4\u00df Ihrer Anfrage bereitzustellen.<\/p>\r\n<p>Je nach Zweck k\u00f6nnen \u00fcber die Website personenbezogene Daten wie Name und Vorname sowie E-Mail-Adresse erhoben werden.<\/p>\r\n<p>Mit dem Eintragen personenbezogener Daten in die daf\u00fcr vorgesehenen Felder erteilen Sie Ihre Einwilligung zur Verwendung dieser Daten f\u00fcr den angegebenen Zweck, es sei denn, gesetzliche Bestimmungen verlangen etwas anderes.<\/p>\r\n<p><strong>Livit d.o.o.<\/strong> erhebt Daten \u00fcber Ihr Computersystem mithilfe des Dienstes Google Analytics. Diese Daten k\u00f6nnen Ihre IP-Adresse, den Browsertyp, die Zugriffszeit und die Adressen der besuchten Webseiten umfassen.<\/p>\r\n<p>Die erhobenen Daten verarbeitet <strong>Livit d.o.o.<\/strong> zu dem Zweck, f\u00fcr den sie bereitgestellt wurden, insbesondere zur Nutzung der Website, zur Erbringung der gew\u00fcnschten Dienstleistungen sowie zur Bereitstellung von Informationen \u00fcber angebotene Leistungen.<\/p>\r\n<p>Unter Wahrung der Vertraulichkeit kann <strong>Livit d.o.o.<\/strong>die Daten mit vertrauensw\u00fcrdigen Dritten teilen, um Ihnen angeforderte Dienstleistungen bereitzustellen oder f\u00fcr andere von Ihnen genehmigte Zwecke. Solchen Dritten ist die Weiterverarbeitung Ihrer personenbezogenen Daten untersagt.<\/p>\r\n<h2><strong>Cookies<\/strong><\/h2>\r\n<p>Web <strong>Livit d.o.o.<\/strong> verwendet Cookies \u2013 Textdateien, die vom Browser auf dem Computersystem gespeichert werden.<\/p>\r\n<p>Cookies werden eingesetzt, um alle Funktionen der Website bereitzustellen und das Benutzererlebnis zu verbessern. Sie k\u00f6nnen tempor\u00e4r (nur w\u00e4hrend des Website-Besuchs gespeichert) oder dauerhaft sein (auch nach dem Besuch auf dem Computer gespeichert bleiben).<\/p>\r\n<p>Informationen und Angebote auf der Website k\u00f6nnen mithilfe von Cookies im Sinne der Benutzerfreundlichkeit optimiert werden. Wie bereits erw\u00e4hnt, erm\u00f6glichen Cookies die Wiedererkennung von Nutzern der Website, was die Nutzung erleichtert.<\/p>\r\n<p>Der Nutzer kann die Speicherung von Cookies jederzeit durch entsprechende Einstellungen im genutzten Browser verhindern und somit die Speicherung dauerhaft deaktivieren. Bereits gespeicherte Cookies k\u00f6nnen ebenfalls \u00fcber jeden Browser nachtr\u00e4glich gel\u00f6scht werden. Bitte beachten Sie, dass durch das Deaktivieren oder L\u00f6schen von Cookies bestimmte Funktionen m\u00f6glicherweise nicht korrekt ausgef\u00fchrt oder anders dargestellt werden.<\/p>\r\n<h2>Bedingungen und \u00c4nderungen<\/h2>\r\n<p><strong>Livit d.o.o.<\/strong> beh\u00e4lt sich das Recht vor, jederzeit Teile oder die gesamte Website sowie diese Datenschutzerkl\u00e4rung zu \u00e4ndern oder einzustellen. <strong>Livit d.o.o.<\/strong> \u00c4nderungen treten mit ihrer Ver\u00f6ffentlichung an dieser Adresse oder nach entsprechender Benachrichtigung der Nutzer in Kraft.<\/p>","protected":false},"excerpt":{"rendered":"<p>Izjava o za\u0161titi podataka i privatnosti na internetskim stranicama Livit d.o.o. Livit d.o.o. svjestan je va\u017enosti za\u0161tite Va\u0161ih osobnih podataka pri upotrebi na\u0161e internetske stranice. Ova Izjava o za\u0161titi privatnosti odnosi se na prikupljanje i obradu Va\u0161ih osobnih podataka te primjenu kola\u010di\u0107a (cookies) na internetskim stranicama www.livit.ba\u00a0(u nastavku: internetska stranica). Kori\u0161tenjem ove internetske stranice suglasni [&hellip;]<\/p>\n","protected":false},"author":1,"featured_media":0,"parent":0,"menu_order":0,"comment_status":"closed","ping_status":"closed","template":"","meta":{"footnotes":""},"class_list":["post-3","page","type-page","status-publish","hentry"],"blocksy_meta":[],"_links":{"self":[{"href":"https:\/\/livit.ba\/de\/wp-json\/wp\/v2\/pages\/3","targetHints":{"allow":["GET"]}}],"collection":[{"href":"https:\/\/livit.ba\/de\/wp-json\/wp\/v2\/pages"}],"about":[{"href":"https:\/\/livit.ba\/de\/wp-json\/wp\/v2\/types\/page"}],"author":[{"embeddable":true,"href":"https:\/\/livit.ba\/de\/wp-json\/wp\/v2\/users\/1"}],"replies":[{"embeddable":true,"href":"https:\/\/livit.ba\/de\/wp-json\/wp\/v2\/comments?post=3"}],"version-history":[{"count":1,"href":"https:\/\/livit.ba\/de\/wp-json\/wp\/v2\/pages\/3\/revisions"}],"predecessor-version":[{"id":2285,"href":"https:\/\/livit.ba\/de\/wp-json\/wp\/v2\/pages\/3\/revisions\/2285"}],"wp:attachment":[{"href":"https:\/\/livit.ba\/de\/wp-json\/wp\/v2\/media?parent=3"}],"curies":[{"name":"wp","href":"https:\/\/api.w.org\/{rel}","templated":true}]}}