{"id":2087,"date":"2024-05-28T13:24:41","date_gmt":"2024-05-28T13:24:41","guid":{"rendered":"https:\/\/livit.ba\/?page_id=2087"},"modified":"2025-04-23T18:49:00","modified_gmt":"2025-04-23T18:49:00","slug":"livit","status":"publish","type":"page","link":"https:\/\/livit.ba\/de\/","title":{"rendered":"Livit"},"content":{"rendered":"\t\t<div data-elementor-type=\"wp-page\" data-elementor-id=\"2087\" class=\"elementor elementor-2087\">\n\t\t\t\t<div class=\"elementor-element elementor-element-94880d6 e-flex e-con-boxed e-con e-parent\" data-id=\"94880d6\" data-element_type=\"container\" data-e-type=\"container\" data-settings=\"{&quot;background_background&quot;:&quot;classic&quot;}\">\n\t\t\t\t\t<div class=\"e-con-inner\">\n\t\t\t\t<div class=\"elementor-element elementor-element-7025d84 animated-slow elementor-widget-tablet__width-initial elementor-invisible elementor-widget elementor-widget-heading\" data-id=\"7025d84\" data-element_type=\"widget\" data-e-type=\"widget\" data-settings=\"{&quot;_animation&quot;:&quot;fadeInRight&quot;}\" data-widget_type=\"heading.default\">\n\t\t\t\t<div class=\"elementor-widget-container\">\n\t\t\t\t\t<h2 class=\"elementor-heading-title elementor-size-default\">Va\u0161 partner za upravljanje<br>nekretninama<\/h2>\t\t\t\t<\/div>\n\t\t\t\t<\/div>\n\t\t\t\t<div class=\"elementor-element elementor-element-b820756 animated-slow elementor-invisible elementor-widget elementor-widget-heading\" data-id=\"b820756\" data-element_type=\"widget\" data-e-type=\"widget\" data-settings=\"{&quot;_animation&quot;:&quot;fadeInRight&quot;}\" data-widget_type=\"heading.default\">\n\t\t\t\t<div class=\"elementor-widget-container\">\n\t\t\t\t\t<h2 class=\"elementor-heading-title elementor-size-default\">Zajedno pronalazimo idealna rje\u0161enja za pomak va\u0161eg poslovanja<\/h2>\t\t\t\t<\/div>\n\t\t\t\t<\/div>\n\t\t<div class=\"elementor-element elementor-element-1691dcf animated-slow e-flex e-con-boxed elementor-invisible e-con e-child\" data-id=\"1691dcf\" data-element_type=\"container\" data-e-type=\"container\" data-settings=\"{&quot;animation&quot;:&quot;fadeInRight&quot;}\">\n\t\t\t\t\t<div class=\"e-con-inner\">\n\t\t\t\t<div class=\"elementor-element elementor-element-c3c5856 elementor-widget elementor-widget-button\" data-id=\"c3c5856\" data-element_type=\"widget\" data-e-type=\"widget\" data-widget_type=\"button.default\">\n\t\t\t\t<div class=\"elementor-widget-container\">\n\t\t\t\t\t\t\t\t\t<div class=\"elementor-button-wrapper\">\n\t\t\t\t\t<a class=\"elementor-button elementor-button-link elementor-size-sm\" href=\"#livit\">\n\t\t\t\t\t\t<span class=\"elementor-button-content-wrapper\">\n\t\t\t\t\t\t\t\t\t<span class=\"elementor-button-text\">Doznajte vi\u0161e<\/span>\n\t\t\t\t\t<\/span>\n\t\t\t\t\t<\/a>\n\t\t\t\t<\/div>\n\t\t\t\t\t\t\t\t<\/div>\n\t\t\t\t<\/div>\n\t\t\t\t<div class=\"elementor-element elementor-element-d291da0 elementor-widget elementor-widget-button\" data-id=\"d291da0\" data-element_type=\"widget\" data-e-type=\"widget\" data-widget_type=\"button.default\">\n\t\t\t\t<div class=\"elementor-widget-container\">\n\t\t\t\t\t\t\t\t\t<div class=\"elementor-button-wrapper\">\n\t\t\t\t\t<a class=\"elementor-button elementor-button-link elementor-size-sm\" href=\"#kontakt\">\n\t\t\t\t\t\t<span class=\"elementor-button-content-wrapper\">\n\t\t\t\t\t\t\t\t\t<span class=\"elementor-button-text\">Kontakt<\/span>\n\t\t\t\t\t<\/span>\n\t\t\t\t\t<\/a>\n\t\t\t\t<\/div>\n\t\t\t\t\t\t\t\t<\/div>\n\t\t\t\t<\/div>\n\t\t\t\t\t<\/div>\n\t\t\t\t<\/div>\n\t\t\t\t\t<\/div>\n\t\t\t\t<\/div>\n\t\t<div class=\"elementor-element elementor-element-ae46538 animated-slow e-flex e-con-boxed elementor-invisible e-con e-parent\" data-id=\"ae46538\" data-element_type=\"container\" data-e-type=\"container\" id=\"usluge\" data-settings=\"{&quot;animation&quot;:&quot;fadeInUp&quot;}\">\n\t\t\t\t\t<div class=\"e-con-inner\">\n\t\t<div class=\"elementor-element elementor-element-07b1764 e-flex e-con-boxed e-con e-child\" data-id=\"07b1764\" data-element_type=\"container\" data-e-type=\"container\" data-settings=\"{&quot;background_background&quot;:&quot;classic&quot;}\">\n\t\t\t\t\t<div class=\"e-con-inner\">\n\t\t\t\t<div class=\"elementor-element elementor-element-312552d elementor-widget elementor-widget-image\" data-id=\"312552d\" data-element_type=\"widget\" data-e-type=\"widget\" data-widget_type=\"image.default\">\n\t\t\t\t<div class=\"elementor-widget-container\">\n\t\t\t\t\t\t\t\t\t\t\t\t\t\t\t<img fetchpriority=\"high\" decoding=\"async\" width=\"640\" height=\"427\" src=\"https:\/\/livit.ba\/wp-content\/uploads\/2024\/09\/office2.jpg\" class=\"attachment-full size-full wp-image-2125\" alt=\"\" srcset=\"https:\/\/livit.ba\/wp-content\/uploads\/2024\/09\/office2.jpg 640w, https:\/\/livit.ba\/wp-content\/uploads\/2024\/09\/office2-300x200.jpg 300w\" sizes=\"(max-width: 640px) 100vw, 640px\" \/>\t\t\t\t\t\t\t\t\t\t\t\t\t\t\t<\/div>\n\t\t\t\t<\/div>\n\t\t\t\t<div class=\"elementor-element elementor-element-1e41d74 elementor-widget elementor-widget-heading\" data-id=\"1e41d74\" data-element_type=\"widget\" data-e-type=\"widget\" data-widget_type=\"heading.default\">\n\t\t\t\t<div class=\"elementor-widget-container\">\n\t\t\t\t\t<h3 class=\"elementor-heading-title elementor-size-default\">Najam uredskog prostora<\/h3>\t\t\t\t<\/div>\n\t\t\t\t<\/div>\n\t\t\t\t<div class=\"elementor-element elementor-element-3dde554 elementor-widget elementor-widget-text-editor\" data-id=\"3dde554\" data-element_type=\"widget\" data-e-type=\"widget\" data-widget_type=\"text-editor.default\">\n\t\t\t\t<div class=\"elementor-widget-container\">\n\t\t\t\t\t\t\t\t\t<p>Najam uredskog prostora nudi dugoro\u010dni najam poslovnih prostora a pru\u017eamo mogu\u0107nost izgradnje ili dorade prilago\u0111enih uredskih prostora zahtjevima zakupca.<\/p>\t\t\t\t\t\t\t\t<\/div>\n\t\t\t\t<\/div>\n\t\t\t\t<div class=\"elementor-element elementor-element-db0308e eael-tooltip-align-left eael-tooltip-text-align-left elementor-widget elementor-widget-eael-tooltip\" data-id=\"db0308e\" data-element_type=\"widget\" data-e-type=\"widget\" data-widget_type=\"eael-tooltip.default\">\n\t\t\t\t<div class=\"elementor-widget-container\">\n\t\t\t\t\t\t<div class=\"eael-tooltip\">\n\t\t\t\t\t<div class=\"eael-tooltip-content\" tabindex=\"0\" aria-describedby=\"tooltip-text-db0308e\"><p>DOZNAJTE VI\u0160E\u00a0 \u00a0 <img decoding=\"async\" class=\"alignnone wp-image-2113\" src=\"https:\/\/livit.ba\/wp-content\/uploads\/2024\/09\/arrow-down.svg\" alt=\"\" width=\"16\" height=\"16\" \/>\u00a0<\/p><\/div>\n  \t\t\t<span id=\"tooltip-text-db0308e\" class=\"eael-tooltip-text eael-tooltip-bottom\" role=\"tooltip\"><p>Najam uredskog prostora nudi dugoro\u010dni najam poslovnih prostora a pru\u017eamo mogu\u0107nost izgradnje ili dorade prilago\u0111enih uredskih prostora zahtjevima zakupca.<\/p><\/span>\n  \t\t\t<\/div>\n\t\t\t\t\t<\/div>\n\t\t\t\t<\/div>\n\t\t\t\t\t<\/div>\n\t\t\t\t<\/div>\n\t\t<div class=\"elementor-element elementor-element-f29bfa4 e-flex e-con-boxed e-con e-child\" data-id=\"f29bfa4\" data-element_type=\"container\" data-e-type=\"container\" data-settings=\"{&quot;background_background&quot;:&quot;classic&quot;}\">\n\t\t\t\t\t<div class=\"e-con-inner\">\n\t\t\t\t<div class=\"elementor-element elementor-element-f1416b8 elementor-widget elementor-widget-image\" data-id=\"f1416b8\" data-element_type=\"widget\" data-e-type=\"widget\" data-widget_type=\"image.default\">\n\t\t\t\t<div class=\"elementor-widget-container\">\n\t\t\t\t\t\t\t\t\t\t\t\t\t\t\t<img decoding=\"async\" width=\"640\" height=\"480\" src=\"https:\/\/livit.ba\/wp-content\/uploads\/2024\/05\/foto-6.jpg\" class=\"attachment-large size-large wp-image-2083\" alt=\"\" srcset=\"https:\/\/livit.ba\/wp-content\/uploads\/2024\/05\/foto-6.jpg 640w, https:\/\/livit.ba\/wp-content\/uploads\/2024\/05\/foto-6-300x225.jpg 300w\" sizes=\"(max-width: 640px) 100vw, 640px\" \/>\t\t\t\t\t\t\t\t\t\t\t\t\t\t\t<\/div>\n\t\t\t\t<\/div>\n\t\t\t\t<div class=\"elementor-element elementor-element-f57351e elementor-widget elementor-widget-heading\" data-id=\"f57351e\" data-element_type=\"widget\" data-e-type=\"widget\" data-widget_type=\"heading.default\">\n\t\t\t\t<div class=\"elementor-widget-container\">\n\t\t\t\t\t<h3 class=\"elementor-heading-title elementor-size-default\">Najam skladi\u0161nog prostora<\/h3>\t\t\t\t<\/div>\n\t\t\t\t<\/div>\n\t\t\t\t<div class=\"elementor-element elementor-element-2e0ae65 elementor-widget elementor-widget-text-editor\" data-id=\"2e0ae65\" data-element_type=\"widget\" data-e-type=\"widget\" data-widget_type=\"text-editor.default\">\n\t\t\t\t<div class=\"elementor-widget-container\">\n\t\t\t\t\t\t\t\t\t<div class=\"flex max-w-full flex-col flex-grow\"><div class=\"min-h-[20px] text-message flex w-full flex-col items-end gap-2 whitespace-normal break-words [.text-message+&amp;]:mt-5\" dir=\"auto\" data-message-author-role=\"assistant\" data-message-id=\"a738fea6-bc42-43de-ab94-dcddd7f4dace\"><div class=\"flex w-full flex-col gap-1 empty:hidden first:pt-[3px]\"><div class=\"markdown prose w-full break-words dark:prose-invert light\"><p>U sklopu velikog industrijskog kompleksa koji se prostire na povr\u0161ini ve\u0107oj od 250.000 m2 nalazi se \u010ditav niz skladi\u0161nih hala, od kojih svaka ima zaseban ulaz i kamionski pristup.<\/p><\/div><\/div><\/div><\/div>\t\t\t\t\t\t\t\t<\/div>\n\t\t\t\t<\/div>\n\t\t\t\t<div class=\"elementor-element elementor-element-80d9c4b eael-tooltip-align-left eael-tooltip-text-align-left elementor-widget elementor-widget-eael-tooltip\" data-id=\"80d9c4b\" data-element_type=\"widget\" data-e-type=\"widget\" data-widget_type=\"eael-tooltip.default\">\n\t\t\t\t<div class=\"elementor-widget-container\">\n\t\t\t\t\t\t<div class=\"eael-tooltip\">\n\t\t\t\t\t<div class=\"eael-tooltip-content\" tabindex=\"0\" aria-describedby=\"tooltip-text-80d9c4b\"><p>DOZNAJTE VI\u0160E\u00a0 \u00a0 <img decoding=\"async\" class=\"alignnone wp-image-2113\" src=\"https:\/\/livit.ba\/wp-content\/uploads\/2024\/09\/arrow-down.svg\" alt=\"\" width=\"16\" height=\"16\" \/>\u00a0<\/p><\/div>\n  \t\t\t<span id=\"tooltip-text-80d9c4b\" class=\"eael-tooltip-text eael-tooltip-bottom\" role=\"tooltip\"><p>Zbog rasporeda skladi\u0161nih prostora najmoprimcu se mo\u017ee osigurati to\u010dno onu povr\u0161inu skladi\u0161nog prostora koja njemu odgovara. Najmoprimac mo\u017ee birati i kombinirati skladi\u0161tenje svoje robe izme\u0111u zatvorenih skladi\u0161nih hala, natkrivenog skladi\u0161ta ili otvorenog skladi\u0161ta na asfaltnoj ili zelenoj povr\u0161ini. Na taj na\u010din se najmoprimac ne mora prilago\u0111avati prostoru te samim time \u0161tedi novac.<\/p><\/span>\n  \t\t\t<\/div>\n\t\t\t\t\t<\/div>\n\t\t\t\t<\/div>\n\t\t\t\t\t<\/div>\n\t\t\t\t<\/div>\n\t\t<div class=\"elementor-element elementor-element-b593d1c e-flex e-con-boxed e-con e-child\" data-id=\"b593d1c\" data-element_type=\"container\" data-e-type=\"container\" data-settings=\"{&quot;background_background&quot;:&quot;classic&quot;}\">\n\t\t\t\t\t<div class=\"e-con-inner\">\n\t\t\t\t<div class=\"elementor-element elementor-element-71e98c0 elementor-widget elementor-widget-image\" data-id=\"71e98c0\" data-element_type=\"widget\" data-e-type=\"widget\" data-widget_type=\"image.default\">\n\t\t\t\t<div class=\"elementor-widget-container\">\n\t\t\t\t\t\t\t\t\t\t\t\t\t\t\t<img loading=\"lazy\" decoding=\"async\" width=\"600\" height=\"446\" src=\"https:\/\/livit.ba\/wp-content\/uploads\/2024\/05\/skladisni-prostor.jpg\" class=\"attachment-large size-large wp-image-2076\" alt=\"\" srcset=\"https:\/\/livit.ba\/wp-content\/uploads\/2024\/05\/skladisni-prostor.jpg 600w, https:\/\/livit.ba\/wp-content\/uploads\/2024\/05\/skladisni-prostor-300x223.jpg 300w\" sizes=\"(max-width: 600px) 100vw, 600px\" \/>\t\t\t\t\t\t\t\t\t\t\t\t\t\t\t<\/div>\n\t\t\t\t<\/div>\n\t\t\t\t<div class=\"elementor-element elementor-element-d10c422 elementor-widget elementor-widget-heading\" data-id=\"d10c422\" data-element_type=\"widget\" data-e-type=\"widget\" data-widget_type=\"heading.default\">\n\t\t\t\t<div class=\"elementor-widget-container\">\n\t\t\t\t\t<h3 class=\"elementor-heading-title elementor-size-default\">Proizvodnja zelene energije<\/h3>\t\t\t\t<\/div>\n\t\t\t\t<\/div>\n\t\t\t\t<div class=\"elementor-element elementor-element-c2b9ccc elementor-widget elementor-widget-text-editor\" data-id=\"c2b9ccc\" data-element_type=\"widget\" data-e-type=\"widget\" data-widget_type=\"text-editor.default\">\n\t\t\t\t<div class=\"elementor-widget-container\">\n\t\t\t\t\t\t\t\t\t<p>Kompleks posjeduje priklju\u010dak elektri\u010dne energije od 1 Mwh, za potrebe kompleksa smo izgradili Solarnu elektranu snage 270 Kw, te ve\u0107i dio energije koju potro\u0161imo dobivamo iz obnovljivih izvora.\u00a0<\/p>\t\t\t\t\t\t\t\t<\/div>\n\t\t\t\t<\/div>\n\t\t\t\t<div class=\"elementor-element elementor-element-427bc84 eael-tooltip-align-left eael-tooltip-text-align-left elementor-widget elementor-widget-eael-tooltip\" data-id=\"427bc84\" data-element_type=\"widget\" data-e-type=\"widget\" data-widget_type=\"eael-tooltip.default\">\n\t\t\t\t<div class=\"elementor-widget-container\">\n\t\t\t\t\t\t<div class=\"eael-tooltip\">\n\t\t\t\t\t<div class=\"eael-tooltip-content\" tabindex=\"0\" aria-describedby=\"tooltip-text-427bc84\"><p>DOZNAJTE VI\u0160E\u00a0 \u00a0 <img decoding=\"async\" class=\"alignnone wp-image-2113\" src=\"https:\/\/livit.ba\/wp-content\/uploads\/2024\/09\/arrow-down.svg\" alt=\"\" width=\"16\" height=\"16\" \/>\u00a0<\/p><\/div>\n  \t\t\t<span id=\"tooltip-text-427bc84\" class=\"eael-tooltip-text eael-tooltip-bottom\" role=\"tooltip\"><p>U planu je nastavak izgradnje solarnih elektrana u skladu s mogu\u0107nostima.<\/p><\/span>\n  \t\t\t<\/div>\n\t\t\t\t\t<\/div>\n\t\t\t\t<\/div>\n\t\t\t\t\t<\/div>\n\t\t\t\t<\/div>\n\t\t\t\t\t<\/div>\n\t\t\t\t<\/div>\n\t\t<div class=\"elementor-element elementor-element-0744ade animated-slow e-flex e-con-boxed elementor-invisible e-con e-parent\" data-id=\"0744ade\" data-element_type=\"container\" data-e-type=\"container\" id=\"livit\" data-settings=\"{&quot;animation&quot;:&quot;fadeInUp&quot;}\">\n\t\t\t\t\t<div class=\"e-con-inner\">\n\t\t<div class=\"elementor-element elementor-element-0c7e55f e-con-full e-flex e-con e-child\" data-id=\"0c7e55f\" data-element_type=\"container\" data-e-type=\"container\" data-settings=\"{&quot;background_background&quot;:&quot;classic&quot;}\">\n\t\t<div class=\"elementor-element elementor-element-d1ebcfb e-con-full e-flex e-con e-child\" data-id=\"d1ebcfb\" data-element_type=\"container\" data-e-type=\"container\" data-settings=\"{&quot;background_background&quot;:&quot;classic&quot;,&quot;position&quot;:&quot;absolute&quot;}\">\n\t\t\t\t<\/div>\n\t\t\t\t<div class=\"elementor-element elementor-element-7e58d54 elementor-widget elementor-widget-image\" data-id=\"7e58d54\" data-element_type=\"widget\" data-e-type=\"widget\" data-widget_type=\"image.default\">\n\t\t\t\t<div class=\"elementor-widget-container\">\n\t\t\t\t\t\t\t\t\t\t\t\t\t\t\t\t<a href=\"https:\/\/livit.ba\/wp-content\/uploads\/2024\/09\/KARTA-livit.jpg\" data-elementor-open-lightbox=\"yes\" data-elementor-lightbox-title=\"KARTA-livit\" data-e-action-hash=\"#elementor-action%3Aaction%3Dlightbox%26settings%3DeyJpZCI6MjE1MSwidXJsIjoiaHR0cHM6XC9cL2xpdml0LmJhXC93cC1jb250ZW50XC91cGxvYWRzXC8yMDI0XC8wOVwvS0FSVEEtbGl2aXQuanBnIn0%3D\">\n\t\t\t\t\t\t\t<img loading=\"lazy\" decoding=\"async\" width=\"1000\" height=\"605\" src=\"https:\/\/livit.ba\/wp-content\/uploads\/2024\/09\/KARTA-livit.jpg\" class=\"attachment-large size-large wp-image-2151\" alt=\"\" srcset=\"https:\/\/livit.ba\/wp-content\/uploads\/2024\/09\/KARTA-livit.jpg 1000w, https:\/\/livit.ba\/wp-content\/uploads\/2024\/09\/KARTA-livit-300x182.jpg 300w, https:\/\/livit.ba\/wp-content\/uploads\/2024\/09\/KARTA-livit-768x465.jpg 768w\" sizes=\"(max-width: 1000px) 100vw, 1000px\" \/>\t\t\t\t\t\t\t\t<\/a>\n\t\t\t\t\t\t\t\t\t\t\t\t\t\t\t<\/div>\n\t\t\t\t<\/div>\n\t\t\t\t<\/div>\n\t\t<div class=\"elementor-element elementor-element-061e095 e-con-full e-flex e-con e-child\" data-id=\"061e095\" data-element_type=\"container\" data-e-type=\"container\">\n\t\t\t\t<div class=\"elementor-element elementor-element-7cedcd0 elementor-widget elementor-widget-heading\" data-id=\"7cedcd0\" data-element_type=\"widget\" data-e-type=\"widget\" data-widget_type=\"heading.default\">\n\t\t\t\t<div class=\"elementor-widget-container\">\n\t\t\t\t\t<h2 class=\"elementor-heading-title elementor-size-default\">Livit d.o.o.<\/h2>\t\t\t\t<\/div>\n\t\t\t\t<\/div>\n\t\t\t\t<div class=\"elementor-element elementor-element-2451414 elementor-widget elementor-widget-text-editor\" data-id=\"2451414\" data-element_type=\"widget\" data-e-type=\"widget\" data-widget_type=\"text-editor.default\">\n\t\t\t\t<div class=\"elementor-widget-container\">\n\t\t\t\t\t\t\t\t\t<p>Poduze\u0107e <strong>Livit d.o.o.<\/strong> osnovano je 2023. godine a bavi se proizvodnjom elektri\u010dne energije putem solarne elektrane, te iznajmljivanjem parcela, uredskog i skladi\u0161nog prostora.<\/p><p>Sve nekretnine i parcele se nalaze na vrlo atraktivnoj lokaciji u Vitezu, neposredno uz magistralnu cestu M5.<\/p><p>Bilo da ste u potrazi za pogodnom parcelom, skladi\u0161tem ili objektom u kojem biste organizirali svoje poslovanje, obratite nam se s punim povjerenjem jer smo u prilici postoje\u0107e resurse prilagoditi upravo Va\u0161im potrebama.<\/p>\t\t\t\t\t\t\t\t<\/div>\n\t\t\t\t<\/div>\n\t\t\t\t<\/div>\n\t\t\t\t\t<\/div>\n\t\t\t\t<\/div>\n\t\t<div class=\"elementor-element elementor-element-3163d8c animated-slow e-flex e-con-boxed elementor-invisible e-con e-parent\" data-id=\"3163d8c\" data-element_type=\"container\" data-e-type=\"container\" data-settings=\"{&quot;animation&quot;:&quot;fadeInUp&quot;}\">\n\t\t\t\t\t<div class=\"e-con-inner\">\n\t\t\t\t<div class=\"elementor-element elementor-element-1451b29 elementor-invisible elementor-widget elementor-widget-heading\" data-id=\"1451b29\" data-element_type=\"widget\" data-e-type=\"widget\" data-settings=\"{&quot;_animation&quot;:&quot;fadeIn&quot;}\" data-widget_type=\"heading.default\">\n\t\t\t\t<div class=\"elementor-widget-container\">\n\t\t\t\t\t<h2 class=\"elementor-heading-title elementor-size-default\">Kontakt<\/h2>\t\t\t\t<\/div>\n\t\t\t\t<\/div>\n\t\t\t\t\t<\/div>\n\t\t\t\t<\/div>\n\t\t<div class=\"elementor-element elementor-element-c35193b animated-slow e-flex e-con-boxed elementor-invisible e-con e-parent\" data-id=\"c35193b\" data-element_type=\"container\" data-e-type=\"container\" id=\"kontakt\" data-settings=\"{&quot;animation&quot;:&quot;fadeInUp&quot;}\">\n\t\t\t\t\t<div class=\"e-con-inner\">\n\t\t<div class=\"elementor-element elementor-element-fcd1b56 e-flex e-con-boxed e-con e-child\" data-id=\"fcd1b56\" data-element_type=\"container\" data-e-type=\"container\">\n\t\t\t\t\t<div class=\"e-con-inner\">\n\t\t<div class=\"elementor-element elementor-element-da189c9 e-con-full e-flex e-con e-child\" data-id=\"da189c9\" data-element_type=\"container\" data-e-type=\"container\">\n\t\t\t\t<div class=\"elementor-element elementor-element-3e1b4f4 elementor-widget elementor-widget-heading\" data-id=\"3e1b4f4\" data-element_type=\"widget\" data-e-type=\"widget\" data-widget_type=\"heading.default\">\n\t\t\t\t<div class=\"elementor-widget-container\">\n\t\t\t\t\t<h2 class=\"elementor-heading-title elementor-size-default\">Livit d.o.o.<\/h2>\t\t\t\t<\/div>\n\t\t\t\t<\/div>\n\t\t\t\t<div class=\"elementor-element elementor-element-8135cec elementor-widget elementor-widget-text-editor\" data-id=\"8135cec\" data-element_type=\"widget\" data-e-type=\"widget\" data-widget_type=\"text-editor.default\">\n\t\t\t\t<div class=\"elementor-widget-container\">\n\t\t\t\t\t\t\t\t\t<p><span style=\"color: #ce0f69;\"><a style=\"color: #ce0f69;\" href=\"tel:+38730714900\">+387 30 714 900<\/a><\/span><br \/><span style=\"color: #ce0f69;\"><a style=\"color: #ce0f69;\" href=\"mailto:info@livit.ba\" target=\"_blank\" rel=\"noopener\"><span lang=\"HR\">info@livit.ba<\/span><\/a><\/span><\/p><p>Stjepana Radi\u0107a bb, <br \/>Vitez<br \/>Bosna i Hercegovina<\/p>\t\t\t\t\t\t\t\t<\/div>\n\t\t\t\t<\/div>\n\t\t\t\t<\/div>\n\t\t<div class=\"elementor-element elementor-element-2d0d2a2 e-con-full e-flex e-con e-child\" data-id=\"2d0d2a2\" data-element_type=\"container\" data-e-type=\"container\">\n\t\t\t\t<div class=\"elementor-element elementor-element-d5b8f80 elementor-widget elementor-widget-google_maps\" data-id=\"d5b8f80\" data-element_type=\"widget\" data-e-type=\"widget\" data-widget_type=\"google_maps.default\">\n\t\t\t\t<div class=\"elementor-widget-container\">\n\t\t\t\t\t\t\t<div class=\"elementor-custom-embed\">\n\t\t\t<iframe loading=\"lazy\"\n\t\t\t\t\tsrc=\"https:\/\/maps.google.com\/maps?q=LIVIT%20d.o.o.%2C%20Stjepana%20Radi%C4%87a%20bb%2C%20Vitez%2072250&#038;t=m&#038;z=16&#038;output=embed&#038;iwloc=near\"\n\t\t\t\t\ttitle=\"LIVIT d.o.o., Stjepana Radi\u0107a bb, Vitez 72250\"\n\t\t\t\t\taria-label=\"LIVIT d.o.o., Stjepana Radi\u0107a bb, Vitez 72250\"\n\t\t\t><\/iframe>\n\t\t<\/div>\n\t\t\t\t\t\t<\/div>\n\t\t\t\t<\/div>\n\t\t\t\t<\/div>\n\t\t\t\t\t<\/div>\n\t\t\t\t<\/div>\n\t\t\t\t\t<\/div>\n\t\t\t\t<\/div>\n\t\t\t\t<\/div>\n\t\t","protected":false},"excerpt":{"rendered":"<p>Va\u0161 partner za upravljanjenekretninama Zajedno pronalazimo idealna rje\u0161enja za pomak va\u0161eg poslovanja Doznajte vi\u0161e Kontakt Najam uredskog prostora Najam uredskog prostora nudi dugoro\u010dni najam poslovnih prostora a pru\u017eamo mogu\u0107nost izgradnje ili dorade prilago\u0111enih uredskih prostora zahtjevima zakupca. DOZNAJTE VI\u0160E\u00a0 \u00a0 \u00a0 Najam uredskog prostora nudi dugoro\u010dni najam poslovnih prostora a pru\u017eamo mogu\u0107nost izgradnje ili dorade [&hellip;]<\/p>\n","protected":false},"author":1,"featured_media":0,"parent":0,"menu_order":0,"comment_status":"closed","ping_status":"closed","template":"","meta":{"footnotes":""},"class_list":["post-2087","page","type-page","status-publish","hentry"],"blocksy_meta":{"has_hero_section":"disabled","styles_descriptor":{"styles":{"desktop":"","tablet":"","mobile":""},"google_fonts":[],"version":6}},"_links":{"self":[{"href":"https:\/\/livit.ba\/de\/wp-json\/wp\/v2\/pages\/2087","targetHints":{"allow":["GET"]}}],"collection":[{"href":"https:\/\/livit.ba\/de\/wp-json\/wp\/v2\/pages"}],"about":[{"href":"https:\/\/livit.ba\/de\/wp-json\/wp\/v2\/types\/page"}],"author":[{"embeddable":true,"href":"https:\/\/livit.ba\/de\/wp-json\/wp\/v2\/users\/1"}],"replies":[{"embeddable":true,"href":"https:\/\/livit.ba\/de\/wp-json\/wp\/v2\/comments?post=2087"}],"version-history":[{"count":137,"href":"https:\/\/livit.ba\/de\/wp-json\/wp\/v2\/pages\/2087\/revisions"}],"predecessor-version":[{"id":2299,"href":"https:\/\/livit.ba\/de\/wp-json\/wp\/v2\/pages\/2087\/revisions\/2299"}],"wp:attachment":[{"href":"https:\/\/livit.ba\/de\/wp-json\/wp\/v2\/media?parent=2087"}],"curies":[{"name":"wp","href":"https:\/\/api.w.org\/{rel}","templated":true}]}}